{"id":161,"date":"2021-07-17T18:25:43","date_gmt":"2021-07-17T21:25:43","guid":{"rendered":"https:\/\/socialos.cl\/?page_id=161"},"modified":"2022-06-10T02:34:39","modified_gmt":"2022-06-10T02:34:39","slug":"cursos","status":"publish","type":"page","link":"https:\/\/clubaereopuertomontt.cl\/home\/cursos\/","title":{"rendered":"Cursos"},"content":{"rendered":"\n<h2 class=\"has-text-align-center has-text-color has-large-font-size wp-block-heading\" style=\"color:#0b18a4\"><strong>Curso de Piloto Privado<\/strong><\/h2>\n\n\n\n<p style=\"text-align: justify\">La Escuela de Vuelo de nuestro Club cuenta con instructores de alt\u00edsima calidad, adem\u00e1s de la experiencia y dedicaci\u00f3n que nuestros instructores entregan a nuestro querido Club. Nuestro Club A\u00e9reo pone a disposici\u00f3n de sus alumnos y socios, dependencias y aeronaves tipo Cessna para su curso de Piloto Privado. <\/p>\n<p style=\"text-align: justify\">\nNuestros socios y alumnos disfrutan de instalaciones adaptadas para cada tarea, instructores formados a trav\u00e9s de nuestro club, un sistema de clases que se adapta a cada alumno o socio para que cualquiera pueda cumplir de manera adecuada con cada etapa de instrucci\u00f3n y perfeccionamiento a\u00e9reo.\nTambi\u00e9n destacamos que los socios del club pueden perfeccionarse con cursos de vuelo por instrumentos (IFR) y acrobacias a trav\u00e9s de clases te\u00f3ricas y pr\u00e1cticas en vuelo, adem\u00e1s de entrenamiento en simuladores certificados. \n<\/p>\n\n\n\n<div style=\"height:50px\" aria-hidden=\"true\" class=\"wp-block-spacer\"><\/div>\n\n\n\n<h2 class=\"has-text-align-center has-text-color wp-block-heading\" style=\"color:#1b0990\">Programa de Instrucci\u00f3n Piloto Privado<\/h2>\n\n\n\n<div style=\"height:50px\" aria-hidden=\"true\" class=\"wp-block-spacer\"><\/div>\n\n\n\n<div class=\"wp-block-media-text alignwide is-stacked-on-mobile\"><figure class=\"wp-block-media-text__media\"><img fetchpriority=\"high\" decoding=\"async\" width=\"640\" height=\"519\" src=\"https:\/\/clubaereopuertomontt.cl\/home\/wp-content\/uploads\/2022\/05\/67797871_445081646086287_8628150888877260800_n.jpg\" alt=\"\" class=\"wp-image-636 size-full\" srcset=\"https:\/\/clubaereopuertomontt.cl\/home\/wp-content\/uploads\/2022\/05\/67797871_445081646086287_8628150888877260800_n.jpg 640w, https:\/\/clubaereopuertomontt.cl\/home\/wp-content\/uploads\/2022\/05\/67797871_445081646086287_8628150888877260800_n-600x487.jpg 600w, https:\/\/clubaereopuertomontt.cl\/home\/wp-content\/uploads\/2022\/05\/67797871_445081646086287_8628150888877260800_n-300x243.jpg 300w\" sizes=\"(max-width: 640px) 100vw, 640px\" \/><\/figure><div class=\"wp-block-media-text__content\">\n<h1 class=\"has-text-color has-medium-font-size wp-block-heading\" style=\"color:#1b0990\">Piloto Privado <\/h1>\n\n\n\n<p class=\"has-small-font-size\">Curso de instrucci\u00f3n que se compone de 40 hrs de clases pr\u00e1ctico-te\u00f3ricas, las cuales son esenciales para obtener la licencia de Piloto Privado<\/p>\n\n\n\n<div class=\"wp-block-buttons is-layout-flex wp-block-buttons-is-layout-flex\">\n<div class=\"wp-block-button is-style-outline is-style-outline--1\"><a class=\"wp-block-button__link has-white-color has-text-color has-background\" href=\"https:\/\/clubaereopuertomontt.cl\/home\/postular-a-capm\/\" style=\"background-color:#185bd1\" rel=\"https:\/\/clubaereopuertomontt.cl\/home\/postular-a-capm\/\">Postula Aqu\u00ed!<\/a><\/div>\n<\/div>\n<\/div><\/div>\n\n\n\n<div class=\"wp-block-buttons is-layout-flex wp-block-buttons-is-layout-flex\"><\/div>\n\n\n\n<div style=\"height:50px\" aria-hidden=\"true\" class=\"wp-block-spacer\"><\/div>\n\n\n\n<p><\/p>\n","protected":false},"excerpt":{"rendered":"<p>Curso de Piloto Privado La Escuela de Vuelo de nuestro Club cuenta con instructores de alt\u00edsima calidad, adem\u00e1s de la experiencia y dedicaci\u00f3n que nuestros instructores entregan a nuestro querido Club. Nuestro Club A\u00e9reo pone a disposici\u00f3n de sus alumnos y socios, dependencias y aeronaves tipo Cessna para su curso de Piloto Privado. Nuestros socios [&hellip;]<\/p>\n","protected":false},"author":1,"featured_media":0,"parent":0,"menu_order":0,"comment_status":"closed","ping_status":"closed","template":"","meta":{"ocean_post_layout":"","ocean_both_sidebars_style":"","ocean_both_sidebars_content_width":0,"ocean_both_sidebars_sidebars_width":0,"ocean_sidebar":"0","ocean_second_sidebar":"0","ocean_disable_margins":"enable","ocean_add_body_class":"","ocean_shortcode_before_top_bar":"","ocean_shortcode_after_top_bar":"","ocean_shortcode_before_header":"","ocean_shortcode_after_header":"","ocean_has_shortcode":"","ocean_shortcode_after_title":"","ocean_shortcode_before_footer_widgets":"","ocean_shortcode_after_footer_widgets":"","ocean_shortcode_before_footer_bottom":"","ocean_shortcode_after_footer_bottom":"","ocean_display_top_bar":"default","ocean_display_header":"default","ocean_header_style":"","ocean_center_header_left_menu":"0","ocean_custom_header_template":"0","ocean_custom_logo":0,"ocean_custom_retina_logo":0,"ocean_custom_logo_max_width":0,"ocean_custom_logo_tablet_max_width":0,"ocean_custom_logo_mobile_max_width":0,"ocean_custom_logo_max_height":0,"ocean_custom_logo_tablet_max_height":0,"ocean_custom_logo_mobile_max_height":0,"ocean_header_custom_menu":"0","ocean_menu_typo_font_family":"0","ocean_menu_typo_font_subset":"","ocean_menu_typo_font_size":0,"ocean_menu_typo_font_size_tablet":0,"ocean_menu_typo_font_size_mobile":0,"ocean_menu_typo_font_size_unit":"px","ocean_menu_typo_font_weight":"","ocean_menu_typo_font_weight_tablet":"","ocean_menu_typo_font_weight_mobile":"","ocean_menu_typo_transform":"","ocean_menu_typo_transform_tablet":"","ocean_menu_typo_transform_mobile":"","ocean_menu_typo_line_height":0,"ocean_menu_typo_line_height_tablet":0,"ocean_menu_typo_line_height_mobile":0,"ocean_menu_typo_line_height_unit":"","ocean_menu_typo_spacing":0,"ocean_menu_typo_spacing_tablet":0,"ocean_menu_typo_spacing_mobile":0,"ocean_menu_typo_spacing_unit":"","ocean_menu_link_color":"","ocean_menu_link_color_hover":"","ocean_menu_link_color_active":"","ocean_menu_link_background":"","ocean_menu_link_hover_background":"","ocean_menu_link_active_background":"","ocean_menu_social_links_bg":"","ocean_menu_social_hover_links_bg":"","ocean_menu_social_links_color":"","ocean_menu_social_hover_links_color":"","ocean_disable_title":"default","ocean_disable_heading":"default","ocean_post_title":"","ocean_post_subheading":"","ocean_post_title_style":"","ocean_post_title_background_color":"","ocean_post_title_background":0,"ocean_post_title_bg_image_position":"","ocean_post_title_bg_image_attachment":"","ocean_post_title_bg_image_repeat":"","ocean_post_title_bg_image_size":"","ocean_post_title_height":0,"ocean_post_title_bg_overlay":0.5,"ocean_post_title_bg_overlay_color":"","ocean_disable_breadcrumbs":"default","ocean_breadcrumbs_color":"","ocean_breadcrumbs_separator_color":"","ocean_breadcrumbs_links_color":"","ocean_breadcrumbs_links_hover_color":"","ocean_display_footer_widgets":"default","ocean_display_footer_bottom":"default","ocean_custom_footer_template":"0","footnotes":""},"class_list":["post-161","page","type-page","status-publish","hentry","entry"],"_links":{"self":[{"href":"https:\/\/clubaereopuertomontt.cl\/home\/wp-json\/wp\/v2\/pages\/161","targetHints":{"allow":["GET"]}}],"collection":[{"href":"https:\/\/clubaereopuertomontt.cl\/home\/wp-json\/wp\/v2\/pages"}],"about":[{"href":"https:\/\/clubaereopuertomontt.cl\/home\/wp-json\/wp\/v2\/types\/page"}],"author":[{"embeddable":true,"href":"https:\/\/clubaereopuertomontt.cl\/home\/wp-json\/wp\/v2\/users\/1"}],"replies":[{"embeddable":true,"href":"https:\/\/clubaereopuertomontt.cl\/home\/wp-json\/wp\/v2\/comments?post=161"}],"version-history":[{"count":6,"href":"https:\/\/clubaereopuertomontt.cl\/home\/wp-json\/wp\/v2\/pages\/161\/revisions"}],"predecessor-version":[{"id":754,"href":"https:\/\/clubaereopuertomontt.cl\/home\/wp-json\/wp\/v2\/pages\/161\/revisions\/754"}],"wp:attachment":[{"href":"https:\/\/clubaereopuertomontt.cl\/home\/wp-json\/wp\/v2\/media?parent=161"}],"curies":[{"name":"wp","href":"https:\/\/api.w.org\/{rel}","templated":true}]}}