{"id":162,"date":"2021-07-17T18:25:43","date_gmt":"2021-07-17T21:25:43","guid":{"rendered":"https:\/\/socialos.cl\/?page_id=162"},"modified":"2023-10-31T00:46:52","modified_gmt":"2023-10-31T03:46:52","slug":"instructores","status":"publish","type":"page","link":"https:\/\/clubaereopuertomontt.cl\/home\/instructores\/","title":{"rendered":"Instructores"},"content":{"rendered":"\n<p><strong>La Directiva Instructores  del Club A\u00e9reo Puerto Montt se encuentra compuesta por:<\/strong><\/p>\n\n\n\n<figure class=\"wp-block-table is-style-stripes\"><table class=\"has-black-color has-text-color has-fixed-layout\"><thead><tr><th><strong>INSTRUCTOR<\/strong><\/th><th><strong>CARGO <\/strong><\/th><th><strong>HABILITACI\u00d3N INSTRUCCI\u00d3N<\/strong><\/th><\/tr><\/thead><tbody><tr><td>Eduardo Ortiz Corval\u00e1n<\/td><td>Jefe Instrucci\u00f3n<\/td><td>VFR &#8211; IFR &#8211; Acrobacias<\/td><\/tr><tr><td>Eduardo Oyarz\u00fan Scholtbach<\/td><td>Instrucci\u00f3n<\/td><td>VFR<\/td><\/tr><tr><td>Eduardo Mas Huber<\/td><td>Instrucci\u00f3n<\/td><td>VFR<\/td><\/tr><tr><td>Juan Carlos Maldonado Gallardo<\/td><td>Instrucci\u00f3n<\/td><td>VFR &#8211; IFR &#8211; Acrobacias<\/td><\/tr><tr><td>Sebasti\u00e1n Schmalz Ca\u00f1as<\/td><td>Instrucci\u00f3n<\/td><td>VFR<\/td><\/tr><tr><td>Eduardo Galdames Valdivia<\/td><td>Instrucci\u00f3n<\/td><td>VFR <\/td><\/tr><tr><td>Miguel Mansilla Torres<\/td><td>Instrucci\u00f3n<\/td><td>VFR &#8211; IFR<\/td><\/tr><tr><td>Thomas Neumann Stange<\/td><td>Instrucci\u00f3n<\/td><td>VFR<\/td><\/tr><\/tbody><\/table><\/figure>\n","protected":false},"excerpt":{"rendered":"<p>La Directiva Instructores del Club A\u00e9reo Puerto Montt se encuentra compuesta por: INSTRUCTOR CARGO HABILITACI\u00d3N INSTRUCCI\u00d3N Eduardo Ortiz Corval\u00e1n Jefe Instrucci\u00f3n VFR &#8211; IFR &#8211; Acrobacias Eduardo Oyarz\u00fan Scholtbach Instrucci\u00f3n VFR Eduardo Mas Huber Instrucci\u00f3n VFR Juan Carlos Maldonado Gallardo Instrucci\u00f3n VFR &#8211; IFR &#8211; Acrobacias Sebasti\u00e1n Schmalz Ca\u00f1as Instrucci\u00f3n VFR Eduardo Galdames Valdivia Instrucci\u00f3n [&hellip;]<\/p>\n","protected":false},"author":1,"featured_media":0,"parent":0,"menu_order":0,"comment_status":"closed","ping_status":"closed","template":"","meta":{"ocean_post_layout":"","ocean_both_sidebars_style":"","ocean_both_sidebars_content_width":0,"ocean_both_sidebars_sidebars_width":0,"ocean_sidebar":"0","ocean_second_sidebar":"0","ocean_disable_margins":"enable","ocean_add_body_class":"","ocean_shortcode_before_top_bar":"","ocean_shortcode_after_top_bar":"","ocean_shortcode_before_header":"","ocean_shortcode_after_header":"","ocean_has_shortcode":"","ocean_shortcode_after_title":"","ocean_shortcode_before_footer_widgets":"","ocean_shortcode_after_footer_widgets":"","ocean_shortcode_before_footer_bottom":"","ocean_shortcode_after_footer_bottom":"","ocean_display_top_bar":"default","ocean_display_header":"default","ocean_header_style":"","ocean_center_header_left_menu":"0","ocean_custom_header_template":"0","ocean_custom_logo":0,"ocean_custom_retina_logo":0,"ocean_custom_logo_max_width":0,"ocean_custom_logo_tablet_max_width":0,"ocean_custom_logo_mobile_max_width":0,"ocean_custom_logo_max_height":0,"ocean_custom_logo_tablet_max_height":0,"ocean_custom_logo_mobile_max_height":0,"ocean_header_custom_menu":"0","ocean_menu_typo_font_family":"0","ocean_menu_typo_font_subset":"","ocean_menu_typo_font_size":0,"ocean_menu_typo_font_size_tablet":0,"ocean_menu_typo_font_size_mobile":0,"ocean_menu_typo_font_size_unit":"px","ocean_menu_typo_font_weight":"","ocean_menu_typo_font_weight_tablet":"","ocean_menu_typo_font_weight_mobile":"","ocean_menu_typo_transform":"","ocean_menu_typo_transform_tablet":"","ocean_menu_typo_transform_mobile":"","ocean_menu_typo_line_height":0,"ocean_menu_typo_line_height_tablet":0,"ocean_menu_typo_line_height_mobile":0,"ocean_menu_typo_line_height_unit":"","ocean_menu_typo_spacing":0,"ocean_menu_typo_spacing_tablet":0,"ocean_menu_typo_spacing_mobile":0,"ocean_menu_typo_spacing_unit":"","ocean_menu_link_color":"","ocean_menu_link_color_hover":"","ocean_menu_link_color_active":"","ocean_menu_link_background":"","ocean_menu_link_hover_background":"","ocean_menu_link_active_background":"","ocean_menu_social_links_bg":"","ocean_menu_social_hover_links_bg":"","ocean_menu_social_links_color":"","ocean_menu_social_hover_links_color":"","ocean_disable_title":"default","ocean_disable_heading":"default","ocean_post_title":"","ocean_post_subheading":"","ocean_post_title_style":"","ocean_post_title_background_color":"","ocean_post_title_background":0,"ocean_post_title_bg_image_position":"","ocean_post_title_bg_image_attachment":"","ocean_post_title_bg_image_repeat":"","ocean_post_title_bg_image_size":"","ocean_post_title_height":0,"ocean_post_title_bg_overlay":0.5,"ocean_post_title_bg_overlay_color":"","ocean_disable_breadcrumbs":"default","ocean_breadcrumbs_color":"","ocean_breadcrumbs_separator_color":"","ocean_breadcrumbs_links_color":"","ocean_breadcrumbs_links_hover_color":"","ocean_display_footer_widgets":"default","ocean_display_footer_bottom":"default","ocean_custom_footer_template":"0","footnotes":""},"class_list":["post-162","page","type-page","status-publish","hentry","entry"],"_links":{"self":[{"href":"https:\/\/clubaereopuertomontt.cl\/home\/wp-json\/wp\/v2\/pages\/162","targetHints":{"allow":["GET"]}}],"collection":[{"href":"https:\/\/clubaereopuertomontt.cl\/home\/wp-json\/wp\/v2\/pages"}],"about":[{"href":"https:\/\/clubaereopuertomontt.cl\/home\/wp-json\/wp\/v2\/types\/page"}],"author":[{"embeddable":true,"href":"https:\/\/clubaereopuertomontt.cl\/home\/wp-json\/wp\/v2\/users\/1"}],"replies":[{"embeddable":true,"href":"https:\/\/clubaereopuertomontt.cl\/home\/wp-json\/wp\/v2\/comments?post=162"}],"version-history":[{"count":6,"href":"https:\/\/clubaereopuertomontt.cl\/home\/wp-json\/wp\/v2\/pages\/162\/revisions"}],"predecessor-version":[{"id":1855,"href":"https:\/\/clubaereopuertomontt.cl\/home\/wp-json\/wp\/v2\/pages\/162\/revisions\/1855"}],"wp:attachment":[{"href":"https:\/\/clubaereopuertomontt.cl\/home\/wp-json\/wp\/v2\/media?parent=162"}],"curies":[{"name":"wp","href":"https:\/\/api.w.org\/{rel}","templated":true}]}}